{"id":14,"date":"2020-10-05T14:33:06","date_gmt":"2020-10-05T17:33:06","guid":{"rendered":"http:\/\/blog.santaaquisicao.com.br\/?page_id=14"},"modified":"2020-10-05T14:33:06","modified_gmt":"2020-10-05T17:33:06","slug":"contato","status":"publish","type":"page","link":"https:\/\/blog.santaaquisicao.com.br\/index.php\/contato\/","title":{"rendered":"Contato"},"content":{"rendered":"\n<p>Esta \u00e9 uma p\u00e1gina com algumas informa\u00e7\u00f5es b\u00e1sicas de contato, como um endere\u00e7o e n\u00famero de telefone. Voc\u00ea tamb\u00e9m pode experimentar usar um plugin para adicionar um formul\u00e1rio de contato.<\/p>\n","protected":false},"excerpt":{"rendered":"<p>Esta \u00e9 uma p\u00e1gina com algumas informa\u00e7\u00f5es b\u00e1sicas de contato, como um endere\u00e7o e n\u00famero de telefone. Voc\u00ea tamb\u00e9m pode<\/p>\n","protected":false},"author":1,"featured_media":0,"parent":0,"menu_order":0,"comment_status":"closed","ping_status":"closed","template":"page-templates\/contact.php","meta":{"colormag_page_container_layout":"default_layout","colormag_page_sidebar_layout":"default_layout","footnotes":""},"class_list":["post-14","page","type-page","status-publish","hentry"],"yoast_head":"<!-- This site is optimized with the Yoast SEO plugin v27.4 - https:\/\/yoast.com\/product\/yoast-seo-wordpress\/ -->\n<title>Contato - Blog Santa Aquisi\u00e7\u00e3o<\/title>\n<meta name=\"robots\" content=\"index, follow, max-snippet:-1, max-image-preview:large, max-video-preview:-1\" \/>\n<link rel=\"canonical\" href=\"https:\/\/blog.santaaquisicao.com.br\/index.php\/contato\/\" \/>\n<meta property=\"og:locale\" content=\"pt_BR\" \/>\n<meta property=\"og:type\" content=\"article\" \/>\n<meta property=\"og:title\" content=\"Contato - Blog Santa Aquisi\u00e7\u00e3o\" \/>\n<meta property=\"og:description\" content=\"Esta \u00e9 uma p\u00e1gina com algumas informa\u00e7\u00f5es b\u00e1sicas de contato, como um endere\u00e7o e n\u00famero de telefone. Voc\u00ea tamb\u00e9m pode\" \/>\n<meta property=\"og:url\" content=\"https:\/\/blog.santaaquisicao.com.br\/index.php\/contato\/\" \/>\n<meta property=\"og:site_name\" content=\"Blog Santa Aquisi\u00e7\u00e3o\" \/>\n<meta property=\"article:publisher\" content=\"https:\/\/www.facebook.com\/Santa-Aquisi%c3%a7%c3%a3o\" \/>\n<meta name=\"twitter:card\" content=\"summary_large_image\" \/>\n<script type=\"application\/ld+json\" class=\"yoast-schema-graph\">{\"@context\":\"https:\\\/\\\/schema.org\",\"@graph\":[{\"@type\":\"WebPage\",\"@id\":\"https:\\\/\\\/blog.santaaquisicao.com.br\\\/index.php\\\/contato\\\/\",\"url\":\"https:\\\/\\\/blog.santaaquisicao.com.br\\\/index.php\\\/contato\\\/\",\"name\":\"Contato - Blog Santa Aquisi\u00e7\u00e3o\",\"isPartOf\":{\"@id\":\"https:\\\/\\\/blog.santaaquisicao.com.br\\\/#website\"},\"datePublished\":\"2020-10-05T17:33:06+00:00\",\"breadcrumb\":{\"@id\":\"https:\\\/\\\/blog.santaaquisicao.com.br\\\/index.php\\\/contato\\\/#breadcrumb\"},\"inLanguage\":\"pt-BR\",\"potentialAction\":[{\"@type\":\"ReadAction\",\"target\":[\"https:\\\/\\\/blog.santaaquisicao.com.br\\\/index.php\\\/contato\\\/\"]}]},{\"@type\":\"BreadcrumbList\",\"@id\":\"https:\\\/\\\/blog.santaaquisicao.com.br\\\/index.php\\\/contato\\\/#breadcrumb\",\"itemListElement\":[{\"@type\":\"ListItem\",\"position\":1,\"name\":\"In\u00edcio\",\"item\":\"https:\\\/\\\/blog.santaaquisicao.com.br\\\/\"},{\"@type\":\"ListItem\",\"position\":2,\"name\":\"Contato\"}]},{\"@type\":\"WebSite\",\"@id\":\"https:\\\/\\\/blog.santaaquisicao.com.br\\\/#website\",\"url\":\"https:\\\/\\\/blog.santaaquisicao.com.br\\\/\",\"name\":\"Blog Santa Aquisi\u00e7\u00e3o\",\"description\":\"Ag\u00eancia de Marketing\",\"publisher\":{\"@id\":\"https:\\\/\\\/blog.santaaquisicao.com.br\\\/#organization\"},\"potentialAction\":[{\"@type\":\"SearchAction\",\"target\":{\"@type\":\"EntryPoint\",\"urlTemplate\":\"https:\\\/\\\/blog.santaaquisicao.com.br\\\/?s={search_term_string}\"},\"query-input\":{\"@type\":\"PropertyValueSpecification\",\"valueRequired\":true,\"valueName\":\"search_term_string\"}}],\"inLanguage\":\"pt-BR\"},{\"@type\":\"Organization\",\"@id\":\"https:\\\/\\\/blog.santaaquisicao.com.br\\\/#organization\",\"name\":\"Santa Aquisi\u00e7\u00e3o - Blog\",\"url\":\"https:\\\/\\\/blog.santaaquisicao.com.br\\\/\",\"logo\":{\"@type\":\"ImageObject\",\"inLanguage\":\"pt-BR\",\"@id\":\"https:\\\/\\\/blog.santaaquisicao.com.br\\\/#\\\/schema\\\/logo\\\/image\\\/\",\"url\":\"https:\\\/\\\/blog.santaaquisicao.com.br\\\/wp-content\\\/uploads\\\/2020\\\/10\\\/Logo_Santa_V_1080x1080.png\",\"contentUrl\":\"https:\\\/\\\/blog.santaaquisicao.com.br\\\/wp-content\\\/uploads\\\/2020\\\/10\\\/Logo_Santa_V_1080x1080.png\",\"width\":1080,\"height\":1080,\"caption\":\"Santa Aquisi\u00e7\u00e3o - Blog\"},\"image\":{\"@id\":\"https:\\\/\\\/blog.santaaquisicao.com.br\\\/#\\\/schema\\\/logo\\\/image\\\/\"},\"sameAs\":[\"https:\\\/\\\/www.facebook.com\\\/Santa-Aquisi\u00e7\u00e3o\"]}]}<\/script>\n<!-- \/ Yoast SEO plugin. -->","yoast_head_json":{"title":"Contato - Blog Santa Aquisi\u00e7\u00e3o","robots":{"index":"index","follow":"follow","max-snippet":"max-snippet:-1","max-image-preview":"max-image-preview:large","max-video-preview":"max-video-preview:-1"},"canonical":"https:\/\/blog.santaaquisicao.com.br\/index.php\/contato\/","og_locale":"pt_BR","og_type":"article","og_title":"Contato - Blog Santa Aquisi\u00e7\u00e3o","og_description":"Esta \u00e9 uma p\u00e1gina com algumas informa\u00e7\u00f5es b\u00e1sicas de contato, como um endere\u00e7o e n\u00famero de telefone. Voc\u00ea tamb\u00e9m pode","og_url":"https:\/\/blog.santaaquisicao.com.br\/index.php\/contato\/","og_site_name":"Blog Santa Aquisi\u00e7\u00e3o","article_publisher":"https:\/\/www.facebook.com\/Santa-Aquisi%c3%a7%c3%a3o","twitter_card":"summary_large_image","schema":{"@context":"https:\/\/schema.org","@graph":[{"@type":"WebPage","@id":"https:\/\/blog.santaaquisicao.com.br\/index.php\/contato\/","url":"https:\/\/blog.santaaquisicao.com.br\/index.php\/contato\/","name":"Contato - Blog Santa Aquisi\u00e7\u00e3o","isPartOf":{"@id":"https:\/\/blog.santaaquisicao.com.br\/#website"},"datePublished":"2020-10-05T17:33:06+00:00","breadcrumb":{"@id":"https:\/\/blog.santaaquisicao.com.br\/index.php\/contato\/#breadcrumb"},"inLanguage":"pt-BR","potentialAction":[{"@type":"ReadAction","target":["https:\/\/blog.santaaquisicao.com.br\/index.php\/contato\/"]}]},{"@type":"BreadcrumbList","@id":"https:\/\/blog.santaaquisicao.com.br\/index.php\/contato\/#breadcrumb","itemListElement":[{"@type":"ListItem","position":1,"name":"In\u00edcio","item":"https:\/\/blog.santaaquisicao.com.br\/"},{"@type":"ListItem","position":2,"name":"Contato"}]},{"@type":"WebSite","@id":"https:\/\/blog.santaaquisicao.com.br\/#website","url":"https:\/\/blog.santaaquisicao.com.br\/","name":"Blog Santa Aquisi\u00e7\u00e3o","description":"Ag\u00eancia de Marketing","publisher":{"@id":"https:\/\/blog.santaaquisicao.com.br\/#organization"},"potentialAction":[{"@type":"SearchAction","target":{"@type":"EntryPoint","urlTemplate":"https:\/\/blog.santaaquisicao.com.br\/?s={search_term_string}"},"query-input":{"@type":"PropertyValueSpecification","valueRequired":true,"valueName":"search_term_string"}}],"inLanguage":"pt-BR"},{"@type":"Organization","@id":"https:\/\/blog.santaaquisicao.com.br\/#organization","name":"Santa Aquisi\u00e7\u00e3o - Blog","url":"https:\/\/blog.santaaquisicao.com.br\/","logo":{"@type":"ImageObject","inLanguage":"pt-BR","@id":"https:\/\/blog.santaaquisicao.com.br\/#\/schema\/logo\/image\/","url":"https:\/\/blog.santaaquisicao.com.br\/wp-content\/uploads\/2020\/10\/Logo_Santa_V_1080x1080.png","contentUrl":"https:\/\/blog.santaaquisicao.com.br\/wp-content\/uploads\/2020\/10\/Logo_Santa_V_1080x1080.png","width":1080,"height":1080,"caption":"Santa Aquisi\u00e7\u00e3o - Blog"},"image":{"@id":"https:\/\/blog.santaaquisicao.com.br\/#\/schema\/logo\/image\/"},"sameAs":["https:\/\/www.facebook.com\/Santa-Aquisi\u00e7\u00e3o"]}]}},"_links":{"self":[{"href":"https:\/\/blog.santaaquisicao.com.br\/index.php\/wp-json\/wp\/v2\/pages\/14","targetHints":{"allow":["GET"]}}],"collection":[{"href":"https:\/\/blog.santaaquisicao.com.br\/index.php\/wp-json\/wp\/v2\/pages"}],"about":[{"href":"https:\/\/blog.santaaquisicao.com.br\/index.php\/wp-json\/wp\/v2\/types\/page"}],"author":[{"embeddable":true,"href":"https:\/\/blog.santaaquisicao.com.br\/index.php\/wp-json\/wp\/v2\/users\/1"}],"replies":[{"embeddable":true,"href":"https:\/\/blog.santaaquisicao.com.br\/index.php\/wp-json\/wp\/v2\/comments?post=14"}],"version-history":[{"count":1,"href":"https:\/\/blog.santaaquisicao.com.br\/index.php\/wp-json\/wp\/v2\/pages\/14\/revisions"}],"predecessor-version":[{"id":23,"href":"https:\/\/blog.santaaquisicao.com.br\/index.php\/wp-json\/wp\/v2\/pages\/14\/revisions\/23"}],"wp:attachment":[{"href":"https:\/\/blog.santaaquisicao.com.br\/index.php\/wp-json\/wp\/v2\/media?parent=14"}],"curies":[{"name":"wp","href":"https:\/\/api.w.org\/{rel}","templated":true}]}}